{"id":324,"date":"2023-05-25T15:55:59","date_gmt":"2023-05-25T13:55:59","guid":{"rendered":"https:\/\/treasurefamilyapp.com\/?page_id=324"},"modified":"2023-07-17T18:40:15","modified_gmt":"2023-07-17T16:40:15","slug":"inicio","status":"publish","type":"page","link":"https:\/\/treasurefamilyapp.com\/es\/","title":{"rendered":"Inicio"},"content":{"rendered":"<section class=\"wpb-content-wrapper\"><p>[vc_section full_height=\u00bbyes\u00bb content_placement=\u00bbmiddle\u00bb el_id=\u00bbcabecera-home\u00bb][vc_row content_placement=\u00bbmiddle\u00bb][vc_column width=\u00bb1\/2&#8243; el_id=\u00bbimagen-cabecera\u00bb][vc_single_image image=\u00bb10&#8243; img_size=\u00bbfull\u00bb alignment=\u00bbcenter\u00bb][\/vc_column][vc_column width=\u00bb1\/2&#8243; el_id=\u00bbtitol-cabecera\u00bb][vc_column_text]<\/p>\n<h1>Os damos la bienvenida a la aventura de la crianza<\/h1>\n<p>[\/vc_column_text][vc_column_text]La aplicaci\u00f3n TreasureFamily ha nacido para acompa\u00f1ar a familias como la vuestra, que est\u00e1is viviendo las primeras etapas de la crianza.[\/vc_column_text][\/vc_column][\/vc_row][vc_row][vc_column width=\u00bb1\/3&#8243;][\/vc_column][vc_column width=\u00bb1\/3&#8243;][vc_single_image image=\u00bb11&#8243; img_size=\u00bbfull\u00bb alignment=\u00bbcenter\u00bb el_id=\u00bbscroll-down\u00bb][\/vc_column][vc_column width=\u00bb1\/3&#8243;][\/vc_column][\/vc_row][\/vc_section][vc_section el_id=\u00bbseccion-movil\u00bb][vc_row][vc_column width=\u00bb1\/3&#8243; el_id=\u00bbtexto-arriba-izquierda\u00bb][vc_column_text]Si ten\u00e9is un hijo o hija entre 0 y 6 a\u00f1os, <span style=\"color: #45b2c7;\">TSF os ofrece m\u00e1s de 2.000 propuestas de juego<\/span> para potenciar el crecimiento del ni\u00f1o mientras disfrut\u00e1is en familia. [\/vc_column_text][\/vc_column][vc_column width=\u00bb1\/3&#8243; el_id=\u00bbimagen-telefono-column\u00bb][vc_single_image image=\u00bb197&#8243; img_size=\u00bbfull\u00bb alignment=\u00bbcenter\u00bb el_id=\u00bbimagen-telefono\u00bb][\/vc_column][vc_column width=\u00bb1\/3&#8243; el_id=\u00bbtexto-arriba-derecha\u00bb][vc_column_text]Encontrar\u00e9is <span style=\"color: #45b2c7;\">recursos ajustados a cada etapa<\/span> y podr\u00e9is seguir la evoluci\u00f3n de la criatura con gr\u00e1ficos y circuitos personalizados.[\/vc_column_text][\/vc_column][\/vc_row][vc_row][vc_column width=\u00bb1\/3&#8243; el_id=\u00bbtexto-abajo-izquierda\u00bb][vc_column_text]<span style=\"color: #45b2c7;\">Descubrid art\u00edculos y talleres tem\u00e1ticos<\/span> sobre lo que os interese de la primera crianza y disfrutad del <span style=\"color: #45b2c7;\">asesoramiento de nuestro <\/span><a href=\"\/som-expertes\/\"><span style=\"color: #45b2c7;\">equipo de expertas.<\/span><\/a>[\/vc_column_text][\/vc_column][vc_column width=\u00bb1\/3&#8243;][\/vc_column][vc_column width=\u00bb1\/3&#8243; el_id=\u00bbtexto-abajo-derecha\u00bb][vc_column_text]TREASUREFAMILY ES LA PRIMERA APLICACI\u00d3N QUE NO SOLO OS ACOMPA\u00d1A EN EL CRECIMIENTO DEL NI\u00d1O, SINO QUE OS EMPODERA.[\/vc_column_text][\/vc_column][\/vc_row][\/vc_section][vc_section el_id=\u00bbqui-som-seccio\u00bb][vc_row][vc_column width=\u00bb1\/6&#8243;][\/vc_column][vc_column width=\u00bb2\/3&#8243; el_id=\u00bbsom-seccio\u00bb][vc_column_text el_id=\u00bbsom-titol\u00bb]<\/p>\n<p style=\"text-align: center;\">SOMOS<\/p>\n<p>[\/vc_column_text][vc_column_text]<\/p>\n<h2 style=\"text-align: center;\">Un equipo de psic\u00f3logas, fisioterapeutas, logopedas<\/h2>\n<p>[\/vc_column_text][vc_column_text]<\/p>\n<p style=\"text-align: center;\">y otras disciplinas relacionadas con la atenci\u00f3n a la peque\u00f1a infancia y ayudaros a resolver las dudas de estos primeros a\u00f1os tan importantes en la vida de vuestro hijo o hija.<\/p>\n<p>[\/vc_column_text][vc_column_text el_id=\u00bbproposem-titol\u00bb]<\/p>\n<p style=\"text-align: center;\">PROPONEMOS<\/p>\n<p>[\/vc_column_text][vc_row_inner el_class=\u00bbproposem-row\u00bb][vc_column_inner width=\u00bb1\/5&#8243;][vc_column_text]<\/p>\n<h2 style=\"text-align: center;\">2.084<\/h2>\n<p style=\"text-align: center;\">actividades<\/p>\n<p>[\/vc_column_text][\/vc_column_inner][vc_column_inner width=\u00bb1\/5&#8243;][vc_column_text]<\/p>\n<h2 style=\"text-align: center;\">572<\/h2>\n<p style=\"text-align: center;\">retos<\/p>\n<p>[\/vc_column_text][\/vc_column_inner][vc_column_inner width=\u00bb1\/5&#8243;][vc_column_text]<\/p>\n<h2 style=\"text-align: center;\">172<\/h2>\n<p style=\"text-align: center;\">art\u00edculos<br \/>\ntem\u00e1ticos<\/p>\n<p>[\/vc_column_text][\/vc_column_inner][vc_column_inner width=\u00bb1\/5&#8243;][vc_column_text]<\/p>\n<h2 style=\"text-align: center;\">1.540<\/h2>\n<p style=\"text-align: center;\">p\u00edldoras<br \/>\ncient\u00edficas<\/p>\n<p>[\/vc_column_text][\/vc_column_inner][vc_column_inner width=\u00bb1\/5&#8243;][vc_column_text]<\/p>\n<h2 style=\"text-align: center;\">Decenas<\/h2>\n<p style=\"text-align: center;\">talleres<br \/>\nespecializados<\/p>\n<p>[\/vc_column_text][\/vc_column_inner][\/vc_row_inner][vc_column_text el_id=\u00bbvolem-titol\u00bb]<\/p>\n<p style=\"text-align: center;\">QUEREMOS<\/p>\n<p>[\/vc_column_text][vc_column_text]<\/p>\n<h2 style=\"text-align: center;\">Haceros jugar<\/h2>\n<p>[\/vc_column_text][vc_column_text]<\/p>\n<p style=\"text-align: center;\">para que, con el juego, los ni\u00f1os crecen y las familias ganan v\u00ednculos. Seguid la evoluci\u00f3n de vuestra hija o hijo jugando.<\/p>\n<p>[\/vc_column_text][\/vc_column][vc_column width=\u00bb1\/6&#8243;][\/vc_column][\/vc_row][\/vc_section][vc_section el_id=\u00bbtabla-seccio\u00bb][vc_row][vc_column width=\u00bb1\/6&#8243;][\/vc_column][vc_column width=\u00bb2\/3&#8243;][vc_column_text]<\/p>\n<table>\n<thead>\n<tr>\n<th><\/th>\n<th>FREEMIUM<\/th>\n<th>PREMIUM (mensual)<\/th>\n<th>PREMIUM (anual)<\/th>\n<\/tr>\n<\/thead>\n<tbody>\n<tr>\n<td id=\"jocs-i-activitats\" class=\"first-column\">Actividades<\/td>\n<td>1 reto<\/td>\n<td>2 retos<\/td>\n<td>2 retos<\/td>\n<\/tr>\n<tr>\n<td id=\"questionaris\" class=\"first-column\">Cuestionarios<\/td>\n<td><img decoding=\"async\" src=\"\/wp-content\/uploads\/2023\/05\/Vector-10.png\" \/><\/td>\n<td><img decoding=\"async\" src=\"\/wp-content\/uploads\/2023\/05\/Vector-10.png\" \/><\/td>\n<td><img decoding=\"async\" src=\"\/wp-content\/uploads\/2023\/05\/Vector-10.png\" \/><\/td>\n<\/tr>\n<tr>\n<td id=\"progres\" class=\"first-column\">Progreso<\/td>\n<td><\/td>\n<td><img decoding=\"async\" src=\"\/wp-content\/uploads\/2023\/05\/Vector-10.png\" \/><\/td>\n<td><img decoding=\"async\" src=\"\/wp-content\/uploads\/2023\/05\/Vector-10.png\" \/><\/td>\n<\/tr>\n<tr>\n<td id=\"articles-tematics\" class=\"first-column\">Articulos<\/td>\n<td>50%<\/td>\n<td>100%<\/td>\n<td>100%<\/td>\n<\/tr>\n<tr>\n<td id=\"circuit-personalitzat\" class=\"first-column\">Packs<\/td>\n<td><\/td>\n<td><img decoding=\"async\" src=\"\/wp-content\/uploads\/2023\/05\/Vector-10.png\" \/><\/td>\n<td><img decoding=\"async\" src=\"\/wp-content\/uploads\/2023\/05\/Vector-10.png\" \/><\/td>\n<\/tr>\n<tr>\n<td id=\"grafic\" class=\"first-column\">Gr\u00e1ficos<\/td>\n<td><\/td>\n<td><img decoding=\"async\" src=\"\/wp-content\/uploads\/2023\/05\/Vector-10.png\" \/><\/td>\n<td><img decoding=\"async\" src=\"\/wp-content\/uploads\/2023\/05\/Vector-10.png\" \/><\/td>\n<\/tr>\n<tr>\n<td id=\"historic\" class=\"first-column\">Hist\u00f3rico<\/td>\n<td><img decoding=\"async\" src=\"\/wp-content\/uploads\/2023\/05\/Vector-10.png\" \/><\/td>\n<td><img decoding=\"async\" src=\"\/wp-content\/uploads\/2023\/05\/Vector-10.png\" \/><\/td>\n<td><img decoding=\"async\" src=\"\/wp-content\/uploads\/2023\/05\/Vector-10.png\" \/><\/td>\n<\/tr>\n<tr>\n<td id=\"tallers-tematics\" class=\"first-column\">Talleres<\/td>\n<td><img decoding=\"async\" src=\"\/wp-content\/uploads\/2023\/05\/Vector-10.png\" \/><\/td>\n<td><img decoding=\"async\" src=\"\/wp-content\/uploads\/2023\/05\/Vector-10.png\" \/><\/td>\n<td><img decoding=\"async\" src=\"\/wp-content\/uploads\/2023\/05\/Vector-10.png\" \/><\/td>\n<\/tr>\n<tr>\n<td id=\"acompanyament\" class=\"first-column\">Consultas<\/td>\n<td><img decoding=\"async\" src=\"\/wp-content\/uploads\/2023\/05\/Vector-10.png\" \/><\/td>\n<td><img decoding=\"async\" src=\"\/wp-content\/uploads\/2023\/05\/Vector-10.png\" \/><\/td>\n<td><img decoding=\"async\" src=\"\/wp-content\/uploads\/2023\/05\/Vector-10.png\" \/><\/td>\n<\/tr>\n<tr>\n<td id=\"sabies-que\" class=\"first-column\">P\u00edldoras<\/td>\n<td>50%<\/td>\n<td>100%<\/td>\n<td>100%<\/td>\n<\/tr>\n<\/tbody>\n<\/table>\n<p>[\/vc_column_text][vc_column_text]*Con la versi\u00f3n PREMIUM anual ten\u00e9is 1 taller mensual gratuito y 1 consulta anual gratuita, adem\u00e1s del 30% de descuento en el resto de consultas.[\/vc_column_text][\/vc_column][vc_column width=\u00bb1\/6&#8243;][\/vc_column][\/vc_row][vc_row el_class=\u00bbrow&#8211;taula-popups\u00bb][vc_column width=\u00bb1\/5&#8243;][vc_column_text el_id=\u00bbjocs-i-activitats-text\u00bb el_class=\u00bbtaula&#8211;popup\u00bb]<strong>Juegos y actividades<\/strong><\/p>\n<p>Descubre 2 retos nuevos cada semana con propuestas de juego para hacer en casa, adaptadas a la edad y necesidades de crecimiento de la criatura.<\/p>\n<p>*Consulta el cat\u00e1logo y las condiciones de la app.<br \/>\n[\/vc_column_text][\/vc_column][vc_column width=\u00bb1\/5&#8243;][vc_column_text el_id=\u00bbarticles-tematics-text\u00bb el_class=\u00bbtaula&#8211;popup\u00bb]<strong>Art\u00edculos tem\u00e1ticos<\/strong><\/p>\n<p>Descubre peque\u00f1os art\u00edculos con informaci\u00f3n \u00fatil seg\u00fan la edad y etapa del ni\u00f1o.<\/p>\n<p>*Consulta el cat\u00e1logo y las condiciones de la app.<br \/>\n[\/vc_column_text][\/vc_column][vc_column width=\u00bb1\/5&#8243;][vc_column_text el_id=\u00bbsabies-que-text\u00bb el_class=\u00bbtaula&#8211;popup\u00bb]<strong>P\u00edldoras cient\u00edficas<\/strong><\/p>\n<p>No te pierdas las p\u00edldoras con informaci\u00f3n cient\u00edfica relacionadas con los juegos y avances de tu hijo o hija.<\/p>\n<p>*Consulta el cat\u00e1logo y las condiciones de la app.<br \/>\n[\/vc_column_text][\/vc_column][vc_column width=\u00bb1\/5&#8243;][vc_column_text el_id=\u00bbcircuit-personalitzat-text\u00bb el_class=\u00bbtaula&#8211;popup\u00bb]<strong>Circuito personalizado<\/strong><\/p>\n<p>Accede a un programa de juego personalizado. Las actividades se adaptan y se organizan seg\u00fan el perfil evolutivo de la criatura, paso a paso.<\/p>\n<p>*Consulta el cat\u00e1logo y las condiciones de la app.<br \/>\n[\/vc_column_text][\/vc_column][vc_column width=\u00bb1\/5&#8243;][vc_column_text el_id=\u00bbprogres-text\u00bb el_class=\u00bbtaula&#8211;popup\u00bb]<strong>Progreso<\/strong><\/p>\n<p>Sigue y supervisa el crecimiento del ni\u00f1o en tiempo real. Identifica r\u00e1pidamente los retos conseguidos y conoce los objetivos m\u00e1s importantes de su evoluci\u00f3n.<\/p>\n<p>*Consulta el cat\u00e1logo y las condiciones de la app.<br \/>\n[\/vc_column_text][\/vc_column][\/vc_row][vc_row el_class=\u00bbrow&#8211;taula-popups\u00bb][vc_column width=\u00bb1\/5&#8243;][vc_column_text el_id=\u00bbhistoric-text\u00bb el_class=\u00bbtaula&#8211;popup\u00bb]<strong>Hist\u00f3rico<\/strong><\/p>\n<p>Recupera los juegos y actividades que hab\u00e9is hecho en familia. Accede a la biblioteca de recuerdos de los juegos que m\u00e1s os han gustado y repetidlos tantas veces como quer\u00e1is.<\/p>\n<p>*Consulta el cat\u00e1logo y las condiciones de la app.<br \/>\n[\/vc_column_text][\/vc_column][vc_column width=\u00bb1\/5&#8243;][vc_column_text el_id=\u00bbtallers-tematics-text\u00bb el_class=\u00bbtaula&#8211;popup\u00bb]<strong>Talleres tem\u00e1ticos<\/strong><\/p>\n<p>Ap\u00fantate a nuestros talleres virtuales sobre los temas m\u00e1s destacados de la crianza en peque\u00f1a infancia.<\/p>\n<p>*Consulta el cat\u00e1logo y las condiciones de la app.<br \/>\n[\/vc_column_text][\/vc_column][vc_column width=\u00bb1\/5&#8243;][vc_column_text el_id=\u00bbacompanyament-text\u00bb el_class=\u00bbtaula&#8211;popup\u00bb]<strong>Consultas<\/strong><\/p>\n<p>Pide un asesoramiento con el equipo de expertas y resuelve las dudas sobre lo que m\u00e1s te preocupe de tu hijo.<\/p>\n<p>*Consulta el cat\u00e1logo y las condiciones de la app.<br \/>\n[\/vc_column_text][\/vc_column][vc_column width=\u00bb1\/5&#8243;][vc_column_text el_id=\u00bbgrafic-text\u00bb el_class=\u00bbtaula&#8211;popup\u00bb]<strong>Gr\u00e1fico de desarrollo<\/strong><\/p>\n<p>Conoce c\u00f3mo el ni\u00f1o va avanzando por el buen camino en las \u00e1reas motora, emocional, del lenguaje y cognitiva.<\/p>\n<p>*Consulta el cat\u00e1logo y las condiciones de la app.<br \/>\n[\/vc_column_text][\/vc_column][vc_column width=\u00bb1\/5&#8243;][vc_column_text el_class=\u00bbtaula&#8211;popup\u00bb]<strong>Juegos y actividades<\/strong><\/p>\n<p>Descubre 2 retos nuevos cada semana con propuestas de juego para hacer en casa, adaptadas a la edad y necesidades de crecimiento de la criatura.<\/p>\n<p>*Consulta el cat\u00e1logo y las condiciones de la app.<br \/>\n[\/vc_column_text][\/vc_column][\/vc_row][\/vc_section][vc_section full_width=\u00bbstretch_row_content\u00bb css=\u00bb.vc_custom_1685373554833{padding-top: 150px !important;}\u00bb el_id=\u00bbformulari-seccio\u00bb][vc_row full_width=\u00bbstretch_row_content_no_spaces\u00bb content_placement=\u00bbmiddle\u00bb][vc_column width=\u00bb1\/4&#8243;][vc_single_image image=\u00bb70&#8243; img_size=\u00bbfull\u00bb][\/vc_column][vc_column width=\u00bb1\/2&#8243; el_id=\u00bbformulari-inici\u00bb][vc_column_text]<\/p>\n<h1 style=\"text-align: center;\">\u00a1Cont\u00e1ctanos y forma parte de la comunidad TSF!<\/h1>\n<p>[\/vc_column_text][vc_column_text]<\/p>\n<p style=\"text-align: center;\"><a class=\"button-contacta\" style=\"text-align: center;\" href=\"\/contacta\">Contacta<\/a><\/p>\n<p>[\/vc_column_text][\/vc_column][vc_column width=\u00bb1\/4&#8243;][vc_single_image image=\u00bb69&#8243; img_size=\u00bbfull\u00bb alignment=\u00bbright\u00bb][\/vc_column][\/vc_row][\/vc_section][vc_section el_id=\u00bbresenyes-seccio\u00bb][vc_row][vc_column width=\u00bb1\/6&#8243;][\/vc_column][vc_column width=\u00bb2\/3&#8243;][vc_column_text]<\/p>\n<p style=\"text-align: center;\">\u00bfQU\u00c9 DICEN LAS FAMILIAS DE TREASUREFAMILY?<\/p>\n<p>[\/vc_column_text][\/vc_column][vc_column width=\u00bb1\/6&#8243;][\/vc_column][\/vc_row][vc_row][vc_column width=\u00bb1\/2&#8243; el_id=\u00bbressenyes-imatge\u00bb][vc_single_image image=\u00bb75&#8243; img_size=\u00bbfull\u00bb alignment=\u00bbcenter\u00bb][\/vc_column][vc_column width=\u00bb1\/2&#8243; el_id=\u00bbressenyes-textos\u00bb][vc_column_text]\u201cHemos descubierto que podemos hacer muchas m\u00e1s cosas de las que pens\u00e1bamos con nuestra hija de 2 meses.\u201d<\/p>\n<p>\u201cLas actividades son f\u00e1ciles y muy divertidas.\u201d<\/p>\n<p>\u201cLa aplicaci\u00f3n nos ayuda a ver c\u00f3mo va evolucionando nuestro hijo \u00e1rea a \u00e1rea, ya que somos primerizos.\u201d<\/p>\n<p>\u201cLas peque\u00f1as recomendaciones diarias nos ayudan a aprender un poco m\u00e1s sobre crianza d\u00eda a d\u00eda.\u201d<\/p>\n<p>\u201cMe gusta que podamos reutilizar materiales de casa sin necesidad de comprar tantos juguetes.\u201d<\/p>\n<p>\u201cPuedo profundizar en los temas que m\u00e1s me preocupan con las consultas personalizadas.\u201d<br \/>\n[\/vc_column_text][\/vc_column][\/vc_row][\/vc_section][vc_section el_id=\u00bbseccio-final\u00bb][vc_row][vc_column width=\u00bb1\/3&#8243;][\/vc_column][vc_column width=\u00bb1\/3&#8243;][vc_single_image image=\u00bb80&#8243; img_size=\u00bbfull\u00bb alignment=\u00bbcenter\u00bb][\/vc_column][vc_column width=\u00bb1\/3&#8243;][\/vc_column][\/vc_row][vc_row css=\u00bb.vc_custom_1685375440074{margin-top: 20px !important;}\u00bb][vc_column width=\u00bb1\/6&#8243;][\/vc_column][vc_column width=\u00bb2\/3&#8243;][vc_column_text]<\/p>\n<p style=\"text-align: center;\">\u201cEl ni\u00f1o debe disfrutar plenamente de juegos y recreaciones, los cuales deben estar orientados hacia los fines perseguidos por la educaci\u00f3n; la sociedad y las autoridades p\u00fablicas se esforzar\u00e1n por promover el goce de este derecho.\u201d<\/p>\n<p style=\"text-align: center;\">ARTICULO 7 DE LA DECLARACI\u00d3N DE DERECHOS DEL NI\u00d1O (1959)<\/p>\n<p>[\/vc_column_text][\/vc_column][vc_column width=\u00bb1\/6&#8243;][\/vc_column][\/vc_row][\/vc_section]<\/p>\n<\/section>","protected":false},"excerpt":{"rendered":"<p>[vc_section full_height=\u00bbyes\u00bb content_placement=\u00bbmiddle\u00bb el_id=\u00bbcabecera-home\u00bb][vc_row content_placement=\u00bbmiddle\u00bb][vc_column width=\u00bb1\/2&#8243; el_id=\u00bbimagen-cabecera\u00bb][vc_single_image image=\u00bb10&#8243; img_size=\u00bbfull\u00bb alignment=\u00bbcenter\u00bb][\/vc_column][vc_column width=\u00bb1\/2&#8243; el_id=\u00bbtitol-cabecera\u00bb][vc_column_text] Os damos la bienvenida a la aventura de la crianza [\/vc_column_text][vc_column_text]La aplicaci\u00f3n TreasureFamily ha nacido para acompa\u00f1ar a familias como la vuestra, que est\u00e1is viviendo las primeras etapas de la crianza.[\/vc_column_text][\/vc_column][\/vc_row][vc_row][vc_column width=\u00bb1\/3&#8243;][\/vc_column][vc_column width=\u00bb1\/3&#8243;][vc_single_image image=\u00bb11&#8243; img_size=\u00bbfull\u00bb alignment=\u00bbcenter\u00bb el_id=\u00bbscroll-down\u00bb][\/vc_column][vc_column width=\u00bb1\/3&#8243;][\/vc_column][\/vc_row][\/vc_section][vc_section el_id=\u00bbseccion-movil\u00bb][vc_row][vc_column width=\u00bb1\/3&#8243; el_id=\u00bbtexto-arriba-izquierda\u00bb][vc_column_text]Si ten\u00e9is un [&hellip;]<\/p>\n","protected":false},"author":1,"featured_media":0,"parent":0,"menu_order":0,"comment_status":"closed","ping_status":"closed","template":"","meta":{"inline_featured_image":false,"_monsterinsights_skip_tracking":false,"_monsterinsights_sitenote_active":false,"_monsterinsights_sitenote_note":"","_monsterinsights_sitenote_category":0,"footnotes":""},"class_list":["post-324","page","type-page","status-publish","hentry"],"acf":[],"_links":{"self":[{"href":"https:\/\/treasurefamilyapp.com\/es\/wp-json\/wp\/v2\/pages\/324","targetHints":{"allow":["GET"]}}],"collection":[{"href":"https:\/\/treasurefamilyapp.com\/es\/wp-json\/wp\/v2\/pages"}],"about":[{"href":"https:\/\/treasurefamilyapp.com\/es\/wp-json\/wp\/v2\/types\/page"}],"author":[{"embeddable":true,"href":"https:\/\/treasurefamilyapp.com\/es\/wp-json\/wp\/v2\/users\/1"}],"replies":[{"embeddable":true,"href":"https:\/\/treasurefamilyapp.com\/es\/wp-json\/wp\/v2\/comments?post=324"}],"version-history":[{"count":5,"href":"https:\/\/treasurefamilyapp.com\/es\/wp-json\/wp\/v2\/pages\/324\/revisions"}],"predecessor-version":[{"id":343,"href":"https:\/\/treasurefamilyapp.com\/es\/wp-json\/wp\/v2\/pages\/324\/revisions\/343"}],"wp:attachment":[{"href":"https:\/\/treasurefamilyapp.com\/es\/wp-json\/wp\/v2\/media?parent=324"}],"curies":[{"name":"wp","href":"https:\/\/api.w.org\/{rel}","templated":true}]}}